{"id":31,"date":"2016-04-27T01:09:31","date_gmt":"2016-04-27T01:09:31","guid":{"rendered":"http:\/\/www.thianaisoppo.com.br\/site\/?page_id=31"},"modified":"2022-06-01T19:25:13","modified_gmt":"2022-06-01T19:25:13","slug":"contato-2","status":"publish","type":"page","link":"https:\/\/www.thianaisoppo.com.br\/site\/contato-2\/","title":{"rendered":"Contato"},"content":{"rendered":"\n<p>Av. Jos\u00e9 Loureiro da Silva, 2025 | Sala 1602 | Centro | Gravata\u00ed | RS<br>Ed. Golden Tower<br>CEP 94010-001<br>Fone 51 34849543<br><a href=\"mailto:contato@thianaisoppo.com.br\">contato@thianaisoppo.com.br<\/a><\/p>\n<a class=\"pp\" href=\"http:\/\/www.thianaisoppo.com.br\/site\/politica-de-privacidade\/\">Pol\u00edtica Privacidade<\/a><br>\n<p><a class=\"icon-contact\" href=\"https:\/\/www.facebook.com\/thianaisoppoarquitetura\/\"><img decoding=\"async\" src=\"https:\/\/i0.wp.com\/www.thianaisoppo.com.br\/site\/wp-content\/uploads\/facebook-logo.png?w=640\" alt=\"\" data-recalc-dims=\"1\"><\/a>&nbsp;&nbsp;<a class=\"icon-contact\" href=\"https:\/\/www.instagram.com\/thianaisoppo\/\"><img decoding=\"async\" src=\"https:\/\/i0.wp.com\/www.thianaisoppo.com.br\/site\/wp-content\/uploads\/instagram-logo.png?w=640\" alt=\"\" data-recalc-dims=\"1\"><\/a>\n<a href=\"https:\/\/wa.me\/5551980355813\" target=\"_blank\" rel=\"noopener noreferrer\"><img decoding=\"async\" src=\"https:\/\/i0.wp.com\/www.thianaisoppo.com.br\/site\/wp-content\/uploads\/2022\/06\/whats.png?w=640\" data-recalc-dims=\"1\"><\/a><\/p>\n<hr>\n<p><iframe loading=\"lazy\" style=\"border: 0;\" src=\"https:\/\/www.google.com\/maps\/embed?pb=!1m18!1m12!1m3!1d3457.4625090147515!2d-50.997605684887255!3d-29.937372381921342!2m3!1f0!2f0!3f0!3m2!1i1024!2i768!4f13.1!3m3!1m2!1s0x95190b1824810d47%3A0x427e4458640ba54d!2sThiana+Isoppo+-+Arquitetura+e+Interiores!5e0!3m2!1spt-BR!2sbr!4v1551205472396\" width=\"930\" height=\"250\" frameborder=\"0\" allowfullscreen=\"allowfullscreen\"><\/iframe><\/p>\n","protected":false},"excerpt":{"rendered":"<p>Av. Jos\u00e9 Loureiro da Silva, 2025 | Sala 1602 | Centro | Gravata\u00ed | RSEd. Golden TowerCEP 94010-001Fone 51 34849543contato@thianaisoppo.com.br Pol\u00edtica Privacidade &nbsp;&nbsp;<\/p>\n","protected":false},"author":1,"featured_media":0,"parent":0,"menu_order":6,"comment_status":"closed","ping_status":"closed","template":"","meta":[],"_links":{"self":[{"href":"https:\/\/www.thianaisoppo.com.br\/site\/wp-json\/wp\/v2\/pages\/31"}],"collection":[{"href":"https:\/\/www.thianaisoppo.com.br\/site\/wp-json\/wp\/v2\/pages"}],"about":[{"href":"https:\/\/www.thianaisoppo.com.br\/site\/wp-json\/wp\/v2\/types\/page"}],"author":[{"embeddable":true,"href":"https:\/\/www.thianaisoppo.com.br\/site\/wp-json\/wp\/v2\/users\/1"}],"replies":[{"embeddable":true,"href":"https:\/\/www.thianaisoppo.com.br\/site\/wp-json\/wp\/v2\/comments?post=31"}],"version-history":[{"count":45,"href":"https:\/\/www.thianaisoppo.com.br\/site\/wp-json\/wp\/v2\/pages\/31\/revisions"}],"predecessor-version":[{"id":1142,"href":"https:\/\/www.thianaisoppo.com.br\/site\/wp-json\/wp\/v2\/pages\/31\/revisions\/1142"}],"wp:attachment":[{"href":"https:\/\/www.thianaisoppo.com.br\/site\/wp-json\/wp\/v2\/media?parent=31"}],"curies":[{"name":"wp","href":"https:\/\/api.w.org\/{rel}","templated":true}]}}